{"id":2323,"date":"2015-08-25T09:48:10","date_gmt":"2015-08-25T09:48:10","guid":{"rendered":"http:\/\/demo.wpzoom.com\/prime-news\/?page_id=2323"},"modified":"2024-12-26T14:52:27","modified_gmt":"2024-12-26T11:52:27","slug":"contact","status":"publish","type":"page","link":"https:\/\/bilkentnews.bilkent.edu.tr\/?page_id=2323","title":{"rendered":"Contact"},"content":{"rendered":"\n<p><strong>Bilkent \u00dcniversitesi<br>Ad\u0131na Sahibi:<\/strong><\/p>\n\n\n\n<p>Prof. Dr. K\u00fcr\u015fat Aydo\u011fan<\/p>\n\n\n\n<p><strong>Sorumlu Yaz\u0131 \u0130\u015fleri M\u00fcd\u00fcr\u00fc:<\/strong><\/p>\n\n\n\n<p>Hande Se\u00e7kin Onat<\/p>\n\n\n\n<p><strong>Yay\u0131n\u0131n T\u00fcr\u00fc:<\/strong><\/p>\n\n\n\n<p>Yerel S\u00fcreli Yay\u0131n<\/p>\n\n\n\n<p><strong>Yay\u0131n Kurulu:<\/strong>\u00a0Deniz Aksoy (\u00d6\u011frenci), Yeg\u00e2n Erdem, Erdal Erel, M\u00fcge Meng\u00fc Hale, \u00d6rsan \u00d6rge, Kamer Rodoplu, Hande Se\u00e7kin Onat<\/p>\n\n\n\n<p><strong>Edit\u00f6r:<\/strong>&nbsp;Tara Sylvestre<br><br><strong>Y\u00f6netim Yeri:<\/strong>&nbsp;Bilkent \u00dcniversitesi<br>Rekt\u00f6rl\u00fck, \u0130leti\u015fim Birimi, 06800<br>Bilkent, Ankara&nbsp;<br><br><strong>Bas\u0131ld\u0131\u011f\u0131 Yer:<\/strong>&nbsp;Meteksan Matbaac\u0131l\u0131k<br>ve Teknik Sanayi Tic. A.\u015e.<br>1606. Cad. No:3 06800<br>Bilkent, Ankara<\/p>\n\n\n\n<p>Bilkent News (<em><strong>ext. 1487<\/strong><\/em>) welcomes feedback from readers. Please submit your letters to&nbsp;<em><strong><a href=\"mailto:bilkentnews@bilkent.edu.tr\">bilkentnews@bilkent.edu.tr<\/a><\/strong><\/em>. <br>The Editorial Board will review the letters and print them as space permits.<\/p>\n","protected":false},"excerpt":{"rendered":"<p>Bilkent \u00dcniversitesiAd\u0131na Sahibi: Prof. Dr. K\u00fcr\u015fat Aydo\u011fan Sorumlu Yaz\u0131 \u0130\u015fleri M\u00fcd\u00fcr\u00fc: Hande Se\u00e7kin Onat Yay\u0131n\u0131n T\u00fcr\u00fc: Yerel S\u00fcreli Yay\u0131n Yay\u0131n Kurulu:\u00a0Deniz Aksoy (\u00d6\u011frenci), Yeg\u00e2n Erdem, Erdal Erel, M\u00fcge Meng\u00fc Hale, \u00d6rsan \u00d6rge, Kamer Rodoplu, Hande Se\u00e7kin Onat Edit\u00f6r:&nbsp;Tara Sylvestre Y\u00f6netim Yeri:&nbsp;Bilkent \u00dcniversitesiRekt\u00f6rl\u00fck, \u0130leti\u015fim Birimi, 06800Bilkent, Ankara&nbsp; Bas\u0131ld\u0131\u011f\u0131 Yer:&nbsp;Meteksan Matbaac\u0131l\u0131kve Teknik<a class=\"read-more\" href=\"https:\/\/bilkentnews.bilkent.edu.tr\/?page_id=2323\">[Read More&#8230;]<\/a><\/p>\n","protected":false},"author":1,"featured_media":0,"parent":0,"menu_order":0,"comment_status":"closed","ping_status":"closed","template":"","meta":[],"_links":{"self":[{"href":"https:\/\/bilkentnews.bilkent.edu.tr\/index.php?rest_route=\/wp\/v2\/pages\/2323"}],"collection":[{"href":"https:\/\/bilkentnews.bilkent.edu.tr\/index.php?rest_route=\/wp\/v2\/pages"}],"about":[{"href":"https:\/\/bilkentnews.bilkent.edu.tr\/index.php?rest_route=\/wp\/v2\/types\/page"}],"author":[{"embeddable":true,"href":"https:\/\/bilkentnews.bilkent.edu.tr\/index.php?rest_route=\/wp\/v2\/users\/1"}],"replies":[{"embeddable":true,"href":"https:\/\/bilkentnews.bilkent.edu.tr\/index.php?rest_route=%2Fwp%2Fv2%2Fcomments&post=2323"}],"version-history":[{"count":11,"href":"https:\/\/bilkentnews.bilkent.edu.tr\/index.php?rest_route=\/wp\/v2\/pages\/2323\/revisions"}],"predecessor-version":[{"id":8033,"href":"https:\/\/bilkentnews.bilkent.edu.tr\/index.php?rest_route=\/wp\/v2\/pages\/2323\/revisions\/8033"}],"wp:attachment":[{"href":"https:\/\/bilkentnews.bilkent.edu.tr\/index.php?rest_route=%2Fwp%2Fv2%2Fmedia&parent=2323"}],"curies":[{"name":"wp","href":"https:\/\/api.w.org\/{rel}","templated":true}]}}